{"id":1283,"date":"2024-04-24T00:06:29","date_gmt":"2024-04-24T00:06:29","guid":{"rendered":"https:\/\/asta.fh-aachen.org\/?page_id=1283"},"modified":"2026-02-11T13:05:40","modified_gmt":"2026-02-11T13:05:40","slug":"soziales","status":"publish","type":"page","link":"https:\/\/asta.fh-aachen.org\/en\/soziales\/","title":{"rendered":"Social Affairs"},"content":{"rendered":"<div data-elementor-type=\"wp-page\" data-elementor-id=\"1283\" class=\"elementor elementor-1283\">\n\t\t\t\t\t\t<section class=\"elementor-section elementor-top-section elementor-element elementor-element-7ac5be1b elementor-section-content-middle elementor-hidden-desktop elementor-hidden-tablet elementor-hidden-mobile elementor-section-boxed elementor-section-height-default elementor-section-height-default\" data-id=\"7ac5be1b\" data-element_type=\"section\" data-settings=\"{&quot;background_background&quot;:&quot;classic&quot;}\">\n\t\t\t\t\t\t\t<div class=\"elementor-background-overlay\"><\/div>\n\t\t\t\t\t\t\t<div class=\"elementor-container elementor-column-gap-default\">\n\t\t\t\t\t<div class=\"elementor-column elementor-col-50 elementor-top-column elementor-element elementor-element-151b5248\" data-id=\"151b5248\" data-element_type=\"column\">\n\t\t\t<div class=\"elementor-widget-wrap elementor-element-populated\">\n\t\t\t\t\t\t<div class=\"elementor-element elementor-element-b04941f elementor-widget elementor-widget-image\" data-id=\"b04941f\" data-element_type=\"widget\" data-widget_type=\"image.default\">\n\t\t\t\t<div class=\"elementor-widget-container\">\n\t\t\t<style>\/*! elementor - v3.19.0 - 07-02-2024 *\/\n.elementor-widget-image{text-align:center}.elementor-widget-image a{display:inline-block}.elementor-widget-image a img[src$=\".svg\"]{width:48px}.elementor-widget-image img{vertical-align:middle;display:inline-block}<\/style>\t\t\t\t\t\t\t\t\t\t<img fetchpriority=\"high\" decoding=\"async\" width=\"800\" height=\"388\" src=\"https:\/\/asta.fh-aachen.org\/wp-content\/uploads\/2024\/03\/diePrintelogoweiss_1.webp\" class=\"attachment-large size-large wp-image-1024\" alt=\"\" \/>\t\t\t\t\t\t\t\t\t\t\t\t\t<\/div>\n\t\t\t\t<\/div>\n\t\t\t\t\t<\/div>\n\t\t<\/div>\n\t\t\t\t<div class=\"elementor-column elementor-col-50 elementor-top-column elementor-element elementor-element-4a25bfcb\" data-id=\"4a25bfcb\" data-element_type=\"column\">\n\t\t\t<div class=\"elementor-widget-wrap elementor-element-populated\">\n\t\t\t\t\t\t<div class=\"elementor-element elementor-element-4a3d2e1 elementor-widget elementor-widget-text-editor\" data-id=\"4a3d2e1\" data-element_type=\"widget\" data-widget_type=\"text-editor.default\">\n\t\t\t\t<div class=\"elementor-widget-container\">\n\t\t\t<style>\/*! elementor - v3.19.0 - 07-02-2024 *\/\n.elementor-widget-text-editor.elementor-drop-cap-view-stacked .elementor-drop-cap{background-color:#69727d;color:#fff}.elementor-widget-text-editor.elementor-drop-cap-view-framed .elementor-drop-cap{color:#69727d;border:3px solid;background-color:transparent}.elementor-widget-text-editor:not(.elementor-drop-cap-view-default) .elementor-drop-cap{margin-top:8px}.elementor-widget-text-editor:not(.elementor-drop-cap-view-default) .elementor-drop-cap-letter{width:1em;height:1em}.elementor-widget-text-editor .elementor-drop-cap{float:left;text-align:center;line-height:1;font-size:50px}.elementor-widget-text-editor .elementor-drop-cap-letter{display:inline-block}<\/style>\t\t\t\t<p>We aim to regularly inform you about current and important topics related to your own and other universities. With PRINTE, you stay updated and learn about aspects that directly influence your studies.<\/p>\t\t\t\t\t\t<\/div>\n\t\t\t\t<\/div>\n\t\t\t\t<div class=\"elementor-element elementor-element-f272db7 elementor-align-center elementor-widget elementor-widget-button\" data-id=\"f272db7\" data-element_type=\"widget\" data-widget_type=\"button.default\">\n\t\t\t\t<div class=\"elementor-widget-container\">\n\t\t\t\t\t<div class=\"elementor-button-wrapper\">\n\t\t\t<a class=\"elementor-button elementor-button-link elementor-size-sm\" href=\"https:\/\/printe.asta.fh-aachen.de\/\">\n\t\t\t\t\t\t<span class=\"elementor-button-content-wrapper\">\n\t\t\t\t\t\t<span class=\"elementor-button-text\">Read Now<\/span>\n\t\t<\/span>\n\t\t\t\t\t<\/a>\n\t\t<\/div>\n\t\t\t\t<\/div>\n\t\t\t\t<\/div>\n\t\t\t\t\t<\/div>\n\t\t<\/div>\n\t\t\t\t\t<\/div>\n\t\t<\/section>\n\t\t\t\t<section class=\"elementor-section elementor-top-section elementor-element elementor-element-2de931d5 elementor-section-boxed elementor-section-height-default elementor-section-height-default\" data-id=\"2de931d5\" data-element_type=\"section\">\n\t\t\t\t\t\t<div class=\"elementor-container elementor-column-gap-default\">\n\t\t\t\t\t<div class=\"elementor-column elementor-col-100 elementor-top-column elementor-element elementor-element-76b579df\" data-id=\"76b579df\" data-element_type=\"column\">\n\t\t\t<div class=\"elementor-widget-wrap elementor-element-populated\">\n\t\t\t\t\t\t<div class=\"elementor-element elementor-element-420a3b0 elementor-widget__width-auto elementor-absolute elementor-invisible elementor-widget elementor-widget-image\" data-id=\"420a3b0\" data-element_type=\"widget\" data-settings=\"{&quot;_position&quot;:&quot;absolute&quot;,&quot;_animation&quot;:&quot;fadeInLeft&quot;}\" data-widget_type=\"image.default\">\n\t\t\t\t<div class=\"elementor-widget-container\">\n\t\t\t\t\t\t\t\t\t\t\t\t\t<img decoding=\"async\" width=\"100\" height=\"340\" src=\"https:\/\/asta.fh-aachen.org\/wp-content\/uploads\/2024\/02\/Rectangle-6.jpg\" class=\"attachment-large size-large wp-image-290\" alt=\"\" srcset=\"https:\/\/asta.fh-aachen.org\/wp-content\/uploads\/2024\/02\/Rectangle-6.jpg 100w, https:\/\/asta.fh-aachen.org\/wp-content\/uploads\/2024\/02\/Rectangle-6-88x300.jpg 88w\" sizes=\"(max-width: 100px) 100vw, 100px\" \/>\t\t\t\t\t\t\t\t\t\t\t\t\t<\/div>\n\t\t\t\t<\/div>\n\t\t\t\t<div class=\"elementor-element elementor-element-4c7df2fb elementor-widget__width-initial elementor-absolute elementor-invisible elementor-widget elementor-widget-image\" data-id=\"4c7df2fb\" data-element_type=\"widget\" data-settings=\"{&quot;_position&quot;:&quot;absolute&quot;,&quot;_animation&quot;:&quot;fadeInRight&quot;}\" data-widget_type=\"image.default\">\n\t\t\t\t<div class=\"elementor-widget-container\">\n\t\t\t\t\t\t\t\t\t\t\t\t\t<img decoding=\"async\" width=\"100\" height=\"340\" src=\"https:\/\/asta.fh-aachen.org\/wp-content\/uploads\/2024\/02\/Rectangle-5-1.jpg\" class=\"attachment-large size-large wp-image-291\" alt=\"\" srcset=\"https:\/\/asta.fh-aachen.org\/wp-content\/uploads\/2024\/02\/Rectangle-5-1.jpg 100w, https:\/\/asta.fh-aachen.org\/wp-content\/uploads\/2024\/02\/Rectangle-5-1-88x300.jpg 88w\" sizes=\"(max-width: 100px) 100vw, 100px\" \/>\t\t\t\t\t\t\t\t\t\t\t\t\t<\/div>\n\t\t\t\t<\/div>\n\t\t\t\t\t<\/div>\n\t\t<\/div>\n\t\t\t\t\t<\/div>\n\t\t<\/section>\n\t\t\t\t<section class=\"elementor-section elementor-top-section elementor-element elementor-element-dbafe8c elementor-section-boxed elementor-section-height-default elementor-section-height-default\" data-id=\"dbafe8c\" data-element_type=\"section\">\n\t\t\t\t\t\t<div class=\"elementor-container elementor-column-gap-default\">\n\t\t\t\t\t<div class=\"elementor-column elementor-col-100 elementor-top-column elementor-element elementor-element-3d3383d9\" data-id=\"3d3383d9\" data-element_type=\"column\">\n\t\t\t<div class=\"elementor-widget-wrap elementor-element-populated\">\n\t\t\t\t\t\t<div class=\"elementor-element elementor-element-19eea35 elementor-widget elementor-widget-heading\" data-id=\"19eea35\" data-element_type=\"widget\" data-widget_type=\"heading.default\">\n\t\t\t\t<div class=\"elementor-widget-container\">\n\t\t\t<style>\/*! elementor - v3.19.0 - 07-02-2024 *\/\n.elementor-heading-title{padding:0;margin:0;line-height:1}.elementor-widget-heading .elementor-heading-title[class*=elementor-size-]>a{color:inherit;font-size:inherit;line-height:inherit}.elementor-widget-heading .elementor-heading-title.elementor-size-small{font-size:15px}.elementor-widget-heading .elementor-heading-title.elementor-size-medium{font-size:19px}.elementor-widget-heading .elementor-heading-title.elementor-size-large{font-size:29px}.elementor-widget-heading .elementor-heading-title.elementor-size-xl{font-size:39px}.elementor-widget-heading .elementor-heading-title.elementor-size-xxl{font-size:59px}<\/style><h2 class=\"elementor-heading-title elementor-size-default\">Social Affairs<\/h2>\t\t<\/div>\n\t\t\t\t<\/div>\n\t\t\t\t<section class=\"elementor-section elementor-inner-section elementor-element elementor-element-3713eedb elementor-section-height-min-height elementor-section-boxed elementor-section-height-default elementor-invisible\" data-id=\"3713eedb\" data-element_type=\"section\" data-settings=\"{&quot;background_background&quot;:&quot;classic&quot;,&quot;animation&quot;:&quot;fadeIn&quot;}\">\n\t\t\t\t\t\t<div class=\"elementor-container elementor-column-gap-default\">\n\t\t\t\t\t<div class=\"elementor-column elementor-col-100 elementor-inner-column elementor-element elementor-element-6b368907\" data-id=\"6b368907\" data-element_type=\"column\">\n\t\t\t<div class=\"elementor-widget-wrap\">\n\t\t\t\t\t\t\t<\/div>\n\t\t<\/div>\n\t\t\t\t\t<\/div>\n\t\t<\/section>\n\t\t\t\t<div class=\"elementor-element elementor-element-fd32729 elementor-widget elementor-widget-spacer\" data-id=\"fd32729\" data-element_type=\"widget\" data-widget_type=\"spacer.default\">\n\t\t\t\t<div class=\"elementor-widget-container\">\n\t\t\t<style>\/*! elementor - v3.19.0 - 07-02-2024 *\/\n.elementor-column .elementor-spacer-inner{height:var(--spacer-size)}.e-con{--container-widget-width:100%}.e-con-inner>.elementor-widget-spacer,.e-con>.elementor-widget-spacer{width:var(--container-widget-width,var(--spacer-size));--align-self:var(--container-widget-align-self,initial);--flex-shrink:0}.e-con-inner>.elementor-widget-spacer>.elementor-widget-container,.e-con>.elementor-widget-spacer>.elementor-widget-container{height:100%;width:100%}.e-con-inner>.elementor-widget-spacer>.elementor-widget-container>.elementor-spacer,.e-con>.elementor-widget-spacer>.elementor-widget-container>.elementor-spacer{height:100%}.e-con-inner>.elementor-widget-spacer>.elementor-widget-container>.elementor-spacer>.elementor-spacer-inner,.e-con>.elementor-widget-spacer>.elementor-widget-container>.elementor-spacer>.elementor-spacer-inner{height:var(--container-widget-height,var(--spacer-size))}.e-con-inner>.elementor-widget-spacer.elementor-widget-empty,.e-con>.elementor-widget-spacer.elementor-widget-empty{position:relative;min-height:22px;min-width:22px}.e-con-inner>.elementor-widget-spacer.elementor-widget-empty .elementor-widget-empty-icon,.e-con>.elementor-widget-spacer.elementor-widget-empty .elementor-widget-empty-icon{position:absolute;top:0;bottom:0;left:0;right:0;margin:auto;padding:0;width:22px;height:22px}<\/style>\t\t<div class=\"elementor-spacer\">\n\t\t\t<div class=\"elementor-spacer-inner\"><\/div>\n\t\t<\/div>\n\t\t\t\t<\/div>\n\t\t\t\t<\/div>\n\t\t\t\t<div class=\"elementor-element elementor-element-43fcc67 elementor-widget elementor-widget-text-editor\" data-id=\"43fcc67\" data-element_type=\"widget\" data-widget_type=\"text-editor.default\">\n\t\t\t\t<div class=\"elementor-widget-container\">\n\t\t\t\t\t\t\t<p>The Social Department currently has six employees who are committed to the social concerns of the student body. Our broad spectrum of tasks ranges from student financing and BAf\u00f6G to ecology and sustainability, studying with children and housing, as well as anti-discrimination and anti-racism work. In doing so, we flexibly adapt to current developments and needs in everyday university life.The Social Department currently has six employees who are committed to the social concerns of the student body. Our broad spectrum of tasks ranges from student financing and BAf\u00f6G to ecology and sustainability, studying with children and housing, as well as anti-discrimination and anti-racism work. In doing so, we flexibly adapt to current developments and needs in everyday university life.<\/p>\n<p>We work closely with the student union - such as the BAf\u00f6G office and the social counseling service - as well as with the family office, VBecks and the equal opportunities office at FH Aachen to provide students with the best possible guidance and support.<\/p>\n<p>The Student Finance Advisory Service is available to answer your questions about BAf\u00f6G and finances during agreed consultation hours. In addition, we at the Social Welfare Office are also happy to advise you on topics such as studying with children or experiences of discrimination.<\/p>\n<p>In addition to providing advice, the Social Department organizes various projects and events. These include the Campus Garden in Eupener Stra\u00dfe, the<a href=\"https:\/\/asta.fh-aachen.org\/en\/flintacampus\/\"> <em>FLINTA*-Campus-Events<\/em><\/a>which rotate through the various campuses, as well as the <a href=\"https:\/\/asta.fh-aachen.org\/en\/nachhaltigkeitstage\/\">Sustainability Days<\/a>, which encourage a more conscious approach to the environment and resources. In addition, the Ecology and Sustainability department is committed to anchoring sustainable structures throughout the university and plays a key role in the recertification as a Fairtrade university.<\/p>\t\t\t\t\t\t<\/div>\n\t\t\t\t<\/div>\n\t\t\t\t<div class=\"elementor-element elementor-element-ff54b58 elementor-widget elementor-widget-heading\" data-id=\"ff54b58\" data-element_type=\"widget\" data-widget_type=\"heading.default\">\n\t\t\t\t<div class=\"elementor-widget-container\">\n\t\t\t<h2 class=\"elementor-heading-title elementor-size-default\">Staff Members<\/h2>\t\t<\/div>\n\t\t\t\t<\/div>\n\t\t\t\t<div class=\"elementor-element elementor-element-ccffdd6 elementor-widget elementor-widget-text-editor\" data-id=\"ccffdd6\" data-element_type=\"widget\" data-widget_type=\"text-editor.default\">\n\t\t\t\t<div class=\"elementor-widget-container\">\n\t\t\t\t\t\t\t<p>Hannah Ochs &#8211; Referent<br \/>Moritz Koslowsky \u2013 BAf\u00f6G\/Study Financing<br \/>Hannah Arendt \u2013 Studying with Children and Housing<br \/>Teresa Nobis - Anti-Discrimination and Anti-Racism<br \/>Jil Wessoly \u2013 Ecology and Sustainability<br \/>Kjartan Kissing - Ecology and Sustainability<br \/>Lena Melanie H\u00f6rsch - Assistance<\/p>\t\t\t\t\t\t<\/div>\n\t\t\t\t<\/div>\n\t\t\t\t<div class=\"elementor-element elementor-element-e7e9368 elementor-widget elementor-widget-heading\" data-id=\"e7e9368\" data-element_type=\"widget\" data-widget_type=\"heading.default\">\n\t\t\t\t<div class=\"elementor-widget-container\">\n\t\t\t<h2 class=\"elementor-heading-title elementor-size-default\">Contact<\/h2>\t\t<\/div>\n\t\t\t\t<\/div>\n\t\t\t\t<div class=\"elementor-element elementor-element-1ecc423 elementor-widget elementor-widget-text-editor\" data-id=\"1ecc423\" data-element_type=\"widget\" data-widget_type=\"text-editor.default\">\n\t\t\t\t<div class=\"elementor-widget-container\">\n\t\t\t\t\t\t\t<p><a href=\"tel: 49241600952810\">0241\u00a06009 52810<\/a><br \/><a href=\"mailto:soziales@asta.fh-aachen.org\">soziales@asta.fh-aachen.org<\/a><\/p><p>Study Financing and BAf\u00f6G: <a href=\"mailto:studienfinanzierung@asta.fh-aachen.org\">studienfinanzierung@asta.fh-aachen.org<\/a><br \/>Anti-Discrimination and Anti-Racism: <a href=\"mailto:Andira@asta.fh-aachen.org\">andira@asta.fh-aachen.org<\/a><br \/>Studying with children <a href=\"mailto:stumiki@asta.fh-aachen.org\">stumiki@asta.fh-aachen.org<\/a><br \/>Advice on housing: <a href=\"mailto:wohnen@asta.fh-aachen.org\">wohnen@asta.fh-aachen.org<\/a><br \/>Sustainability: <a href=\"mailto:nachhaltigkeit@asta.fh-aachen.de\">nachhaltigkeit@asta.fh-aachen.de<\/a><\/p>\t\t\t\t\t\t<\/div>\n\t\t\t\t<\/div>\n\t\t\t\t\t<\/div>\n\t\t<\/div>\n\t\t\t\t\t<\/div>\n\t\t<\/section>\n\t\t\t\t<\/div>","protected":false},"excerpt":{"rendered":"<p>Wir wollen euch regelm\u00e4\u00dfig \u00fcber aktuelle und wichtige Themen rund um die eigene und auch andere Hochschulen informieren. Mit der PRINTE seid Ihr auf dem neuen Stand und erfahrt unter anderem Aspekte, die Euer Studium konkret beeinflussen. Jetzt lesen Soziales Das Sozialreferat engagiert sich mit derzeit sechs Mitarbeiter*innen f\u00fcr die sozialen Belange der Studierendenschaft. Unser [&hellip;]<\/p>","protected":false},"author":1,"featured_media":0,"parent":0,"menu_order":0,"comment_status":"closed","ping_status":"closed","template":"","meta":{"footnotes":""},"class_list":["post-1283","page","type-page","status-publish","hentry"],"yoast_head":"<!-- This site is optimized with the Yoast SEO plugin v22.3 - https:\/\/yoast.com\/wordpress\/plugins\/seo\/ -->\n<title>Soziales - AStA FH Aachen<\/title>\n<meta name=\"robots\" content=\"index, follow, max-snippet:-1, max-image-preview:large, max-video-preview:-1\" \/>\n<link rel=\"canonical\" href=\"https:\/\/asta.fh-aachen.org\/en\/soziales\/\" \/>\n<meta property=\"og:locale\" content=\"en_US\" \/>\n<meta property=\"og:type\" content=\"article\" \/>\n<meta property=\"og:title\" content=\"Soziales - AStA FH Aachen\" \/>\n<meta property=\"og:description\" content=\"Wir wollen euch regelm\u00e4\u00dfig \u00fcber aktuelle und wichtige Themen rund um die eigene und auch andere Hochschulen informieren. Mit der PRINTE seid Ihr auf dem neuen Stand und erfahrt unter anderem Aspekte, die Euer Studium konkret beeinflussen. Jetzt lesen Soziales Das Sozialreferat engagiert sich mit derzeit sechs Mitarbeiter*innen f\u00fcr die sozialen Belange der Studierendenschaft. Unser [&hellip;]\" \/>\n<meta property=\"og:url\" content=\"https:\/\/asta.fh-aachen.org\/en\/soziales\/\" \/>\n<meta property=\"og:site_name\" content=\"AStA FH Aachen\" \/>\n<meta property=\"article:modified_time\" content=\"2026-02-11T13:05:40+00:00\" \/>\n<meta property=\"og:image\" content=\"https:\/\/asta.fh-aachen.org\/wp-content\/uploads\/2024\/03\/diePrintelogoweiss_1.webp\" \/>\n<meta name=\"twitter:card\" content=\"summary_large_image\" \/>\n<meta name=\"twitter:label1\" content=\"Est. reading time\" \/>\n\t<meta name=\"twitter:data1\" content=\"3 minutes\" \/>\n<script type=\"application\/ld+json\" class=\"yoast-schema-graph\">{\"@context\":\"https:\/\/schema.org\",\"@graph\":[{\"@type\":\"WebPage\",\"@id\":\"https:\/\/asta.fh-aachen.org\/soziales\/\",\"url\":\"https:\/\/asta.fh-aachen.org\/soziales\/\",\"name\":\"Soziales - AStA FH Aachen\",\"isPartOf\":{\"@id\":\"https:\/\/asta.fh-aachen.org\/#website\"},\"primaryImageOfPage\":{\"@id\":\"https:\/\/asta.fh-aachen.org\/soziales\/#primaryimage\"},\"image\":{\"@id\":\"https:\/\/asta.fh-aachen.org\/soziales\/#primaryimage\"},\"thumbnailUrl\":\"https:\/\/asta.fh-aachen.org\/wp-content\/uploads\/2024\/03\/diePrintelogoweiss_1.webp\",\"datePublished\":\"2024-04-24T00:06:29+00:00\",\"dateModified\":\"2026-02-11T13:05:40+00:00\",\"breadcrumb\":{\"@id\":\"https:\/\/asta.fh-aachen.org\/soziales\/#breadcrumb\"},\"inLanguage\":\"en-US\",\"potentialAction\":[{\"@type\":\"ReadAction\",\"target\":[\"https:\/\/asta.fh-aachen.org\/soziales\/\"]}]},{\"@type\":\"ImageObject\",\"inLanguage\":\"en-US\",\"@id\":\"https:\/\/asta.fh-aachen.org\/soziales\/#primaryimage\",\"url\":\"https:\/\/asta.fh-aachen.org\/wp-content\/uploads\/2024\/03\/diePrintelogoweiss_1.webp\",\"contentUrl\":\"https:\/\/asta.fh-aachen.org\/wp-content\/uploads\/2024\/03\/diePrintelogoweiss_1.webp\",\"width\":15148,\"height\":7352},{\"@type\":\"BreadcrumbList\",\"@id\":\"https:\/\/asta.fh-aachen.org\/soziales\/#breadcrumb\",\"itemListElement\":[{\"@type\":\"ListItem\",\"position\":1,\"name\":\"Home\",\"item\":\"https:\/\/asta.fh-aachen.org\/\"},{\"@type\":\"ListItem\",\"position\":2,\"name\":\"Soziales\"}]},{\"@type\":\"WebSite\",\"@id\":\"https:\/\/asta.fh-aachen.org\/#website\",\"url\":\"https:\/\/asta.fh-aachen.org\/\",\"name\":\"AStA FH Aachen\",\"description\":\"\",\"potentialAction\":[{\"@type\":\"SearchAction\",\"target\":{\"@type\":\"EntryPoint\",\"urlTemplate\":\"https:\/\/asta.fh-aachen.org\/?s={search_term_string}\"},\"query-input\":\"required name=search_term_string\"}],\"inLanguage\":\"en-US\"}]}<\/script>\n<!-- \/ Yoast SEO plugin. -->","yoast_head_json":{"title":"Soziales - AStA FH Aachen","robots":{"index":"index","follow":"follow","max-snippet":"max-snippet:-1","max-image-preview":"max-image-preview:large","max-video-preview":"max-video-preview:-1"},"canonical":"https:\/\/asta.fh-aachen.org\/en\/soziales\/","og_locale":"en_US","og_type":"article","og_title":"Soziales - AStA FH Aachen","og_description":"Wir wollen euch regelm\u00e4\u00dfig \u00fcber aktuelle und wichtige Themen rund um die eigene und auch andere Hochschulen informieren. Mit der PRINTE seid Ihr auf dem neuen Stand und erfahrt unter anderem Aspekte, die Euer Studium konkret beeinflussen. Jetzt lesen Soziales Das Sozialreferat engagiert sich mit derzeit sechs Mitarbeiter*innen f\u00fcr die sozialen Belange der Studierendenschaft. Unser [&hellip;]","og_url":"https:\/\/asta.fh-aachen.org\/en\/soziales\/","og_site_name":"AStA FH Aachen","article_modified_time":"2026-02-11T13:05:40+00:00","og_image":[{"url":"https:\/\/asta.fh-aachen.org\/wp-content\/uploads\/2024\/03\/diePrintelogoweiss_1.webp"}],"twitter_card":"summary_large_image","twitter_misc":{"Est. reading time":"3 minutes"},"schema":{"@context":"https:\/\/schema.org","@graph":[{"@type":"WebPage","@id":"https:\/\/asta.fh-aachen.org\/soziales\/","url":"https:\/\/asta.fh-aachen.org\/soziales\/","name":"Soziales - AStA FH Aachen","isPartOf":{"@id":"https:\/\/asta.fh-aachen.org\/#website"},"primaryImageOfPage":{"@id":"https:\/\/asta.fh-aachen.org\/soziales\/#primaryimage"},"image":{"@id":"https:\/\/asta.fh-aachen.org\/soziales\/#primaryimage"},"thumbnailUrl":"https:\/\/asta.fh-aachen.org\/wp-content\/uploads\/2024\/03\/diePrintelogoweiss_1.webp","datePublished":"2024-04-24T00:06:29+00:00","dateModified":"2026-02-11T13:05:40+00:00","breadcrumb":{"@id":"https:\/\/asta.fh-aachen.org\/soziales\/#breadcrumb"},"inLanguage":"en-US","potentialAction":[{"@type":"ReadAction","target":["https:\/\/asta.fh-aachen.org\/soziales\/"]}]},{"@type":"ImageObject","inLanguage":"en-US","@id":"https:\/\/asta.fh-aachen.org\/soziales\/#primaryimage","url":"https:\/\/asta.fh-aachen.org\/wp-content\/uploads\/2024\/03\/diePrintelogoweiss_1.webp","contentUrl":"https:\/\/asta.fh-aachen.org\/wp-content\/uploads\/2024\/03\/diePrintelogoweiss_1.webp","width":15148,"height":7352},{"@type":"BreadcrumbList","@id":"https:\/\/asta.fh-aachen.org\/soziales\/#breadcrumb","itemListElement":[{"@type":"ListItem","position":1,"name":"Home","item":"https:\/\/asta.fh-aachen.org\/"},{"@type":"ListItem","position":2,"name":"Soziales"}]},{"@type":"WebSite","@id":"https:\/\/asta.fh-aachen.org\/#website","url":"https:\/\/asta.fh-aachen.org\/","name":"AStA FH Aachen","description":"","potentialAction":[{"@type":"SearchAction","target":{"@type":"EntryPoint","urlTemplate":"https:\/\/asta.fh-aachen.org\/?s={search_term_string}"},"query-input":"required name=search_term_string"}],"inLanguage":"en-US"}]}},"_links":{"self":[{"href":"https:\/\/asta.fh-aachen.org\/en\/wp-json\/wp\/v2\/pages\/1283","targetHints":{"allow":["GET"]}}],"collection":[{"href":"https:\/\/asta.fh-aachen.org\/en\/wp-json\/wp\/v2\/pages"}],"about":[{"href":"https:\/\/asta.fh-aachen.org\/en\/wp-json\/wp\/v2\/types\/page"}],"author":[{"embeddable":true,"href":"https:\/\/asta.fh-aachen.org\/en\/wp-json\/wp\/v2\/users\/1"}],"replies":[{"embeddable":true,"href":"https:\/\/asta.fh-aachen.org\/en\/wp-json\/wp\/v2\/comments?post=1283"}],"version-history":[{"count":52,"href":"https:\/\/asta.fh-aachen.org\/en\/wp-json\/wp\/v2\/pages\/1283\/revisions"}],"predecessor-version":[{"id":4349,"href":"https:\/\/asta.fh-aachen.org\/en\/wp-json\/wp\/v2\/pages\/1283\/revisions\/4349"}],"wp:attachment":[{"href":"https:\/\/asta.fh-aachen.org\/en\/wp-json\/wp\/v2\/media?parent=1283"}],"curies":[{"name":"wp","href":"https:\/\/api.w.org\/{rel}","templated":true}]}}