{"id":1272,"date":"2024-04-24T00:00:05","date_gmt":"2024-04-24T00:00:05","guid":{"rendered":"https:\/\/asta.fh-aachen.org\/?page_id=1272"},"modified":"2026-04-28T17:44:06","modified_gmt":"2026-04-28T17:44:06","slug":"vorstand","status":"publish","type":"page","link":"https:\/\/asta.fh-aachen.org\/en\/vorstand\/","title":{"rendered":"Vorstand"},"content":{"rendered":"<div data-elementor-type=\"wp-page\" data-elementor-id=\"1272\" class=\"elementor elementor-1272\">\n\t\t\t\t\t\t<section class=\"elementor-section elementor-top-section elementor-element elementor-element-7ac5be1b elementor-section-content-middle elementor-hidden-desktop elementor-hidden-tablet elementor-hidden-mobile elementor-section-boxed elementor-section-height-default elementor-section-height-default\" data-id=\"7ac5be1b\" data-element_type=\"section\" data-settings=\"{&quot;background_background&quot;:&quot;classic&quot;}\">\n\t\t\t\t\t\t\t<div class=\"elementor-background-overlay\"><\/div>\n\t\t\t\t\t\t\t<div class=\"elementor-container elementor-column-gap-default\">\n\t\t\t\t\t<div class=\"elementor-column elementor-col-50 elementor-top-column elementor-element elementor-element-151b5248\" data-id=\"151b5248\" data-element_type=\"column\">\n\t\t\t<div class=\"elementor-widget-wrap elementor-element-populated\">\n\t\t\t\t\t\t<div class=\"elementor-element elementor-element-b04941f elementor-widget elementor-widget-image\" data-id=\"b04941f\" data-element_type=\"widget\" data-widget_type=\"image.default\">\n\t\t\t\t<div class=\"elementor-widget-container\">\n\t\t\t<style>\/*! elementor - v3.19.0 - 07-02-2024 *\/\n.elementor-widget-image{text-align:center}.elementor-widget-image a{display:inline-block}.elementor-widget-image a img[src$=\".svg\"]{width:48px}.elementor-widget-image img{vertical-align:middle;display:inline-block}<\/style>\t\t\t\t\t\t\t\t\t\t<img fetchpriority=\"high\" decoding=\"async\" width=\"800\" height=\"388\" src=\"https:\/\/asta.fh-aachen.org\/wp-content\/uploads\/2024\/03\/diePrintelogoweiss_1.webp\" class=\"attachment-large size-large wp-image-1024\" alt=\"\" \/>\t\t\t\t\t\t\t\t\t\t\t\t\t<\/div>\n\t\t\t\t<\/div>\n\t\t\t\t\t<\/div>\n\t\t<\/div>\n\t\t\t\t<div class=\"elementor-column elementor-col-50 elementor-top-column elementor-element elementor-element-4a25bfcb\" data-id=\"4a25bfcb\" data-element_type=\"column\">\n\t\t\t<div class=\"elementor-widget-wrap elementor-element-populated\">\n\t\t\t\t\t\t<div class=\"elementor-element elementor-element-4a3d2e1 elementor-widget elementor-widget-text-editor\" data-id=\"4a3d2e1\" data-element_type=\"widget\" data-widget_type=\"text-editor.default\">\n\t\t\t\t<div class=\"elementor-widget-container\">\n\t\t\t<style>\/*! elementor - v3.19.0 - 07-02-2024 *\/\n.elementor-widget-text-editor.elementor-drop-cap-view-stacked .elementor-drop-cap{background-color:#69727d;color:#fff}.elementor-widget-text-editor.elementor-drop-cap-view-framed .elementor-drop-cap{color:#69727d;border:3px solid;background-color:transparent}.elementor-widget-text-editor:not(.elementor-drop-cap-view-default) .elementor-drop-cap{margin-top:8px}.elementor-widget-text-editor:not(.elementor-drop-cap-view-default) .elementor-drop-cap-letter{width:1em;height:1em}.elementor-widget-text-editor .elementor-drop-cap{float:left;text-align:center;line-height:1;font-size:50px}.elementor-widget-text-editor .elementor-drop-cap-letter{display:inline-block}<\/style>\t\t\t\t<p>We aim to regularly inform you about current and important topics related to your own and other universities. With PRINTE, you stay updated and learn about aspects that directly influence your studies.<\/p>\t\t\t\t\t\t<\/div>\n\t\t\t\t<\/div>\n\t\t\t\t<div class=\"elementor-element elementor-element-f272db7 elementor-align-center elementor-widget elementor-widget-button\" data-id=\"f272db7\" data-element_type=\"widget\" data-widget_type=\"button.default\">\n\t\t\t\t<div class=\"elementor-widget-container\">\n\t\t\t\t\t<div class=\"elementor-button-wrapper\">\n\t\t\t<a class=\"elementor-button elementor-button-link elementor-size-sm\" href=\"https:\/\/printe.asta.fh-aachen.de\/\">\n\t\t\t\t\t\t<span class=\"elementor-button-content-wrapper\">\n\t\t\t\t\t\t<span class=\"elementor-button-text\">Read Now<\/span>\n\t\t<\/span>\n\t\t\t\t\t<\/a>\n\t\t<\/div>\n\t\t\t\t<\/div>\n\t\t\t\t<\/div>\n\t\t\t\t\t<\/div>\n\t\t<\/div>\n\t\t\t\t\t<\/div>\n\t\t<\/section>\n\t\t\t\t<section class=\"elementor-section elementor-top-section elementor-element elementor-element-2de931d5 elementor-section-boxed elementor-section-height-default elementor-section-height-default\" data-id=\"2de931d5\" data-element_type=\"section\">\n\t\t\t\t\t\t<div class=\"elementor-container elementor-column-gap-default\">\n\t\t\t\t\t<div class=\"elementor-column elementor-col-100 elementor-top-column elementor-element elementor-element-76b579df\" data-id=\"76b579df\" data-element_type=\"column\">\n\t\t\t<div class=\"elementor-widget-wrap elementor-element-populated\">\n\t\t\t\t\t\t<div class=\"elementor-element elementor-element-420a3b0 elementor-widget__width-auto elementor-absolute elementor-invisible elementor-widget elementor-widget-image\" data-id=\"420a3b0\" data-element_type=\"widget\" data-settings=\"{&quot;_position&quot;:&quot;absolute&quot;,&quot;_animation&quot;:&quot;fadeInLeft&quot;}\" data-widget_type=\"image.default\">\n\t\t\t\t<div class=\"elementor-widget-container\">\n\t\t\t\t\t\t\t\t\t\t\t\t\t<img decoding=\"async\" width=\"100\" height=\"340\" src=\"https:\/\/asta.fh-aachen.org\/wp-content\/uploads\/2024\/02\/Rectangle-6.jpg\" class=\"attachment-large size-large wp-image-290\" alt=\"\" srcset=\"https:\/\/asta.fh-aachen.org\/wp-content\/uploads\/2024\/02\/Rectangle-6.jpg 100w, https:\/\/asta.fh-aachen.org\/wp-content\/uploads\/2024\/02\/Rectangle-6-88x300.jpg 88w\" sizes=\"(max-width: 100px) 100vw, 100px\" \/>\t\t\t\t\t\t\t\t\t\t\t\t\t<\/div>\n\t\t\t\t<\/div>\n\t\t\t\t<div class=\"elementor-element elementor-element-4c7df2fb elementor-widget__width-auto elementor-absolute elementor-invisible elementor-widget elementor-widget-image\" data-id=\"4c7df2fb\" data-element_type=\"widget\" data-settings=\"{&quot;_position&quot;:&quot;absolute&quot;,&quot;_animation&quot;:&quot;fadeInRight&quot;}\" data-widget_type=\"image.default\">\n\t\t\t\t<div class=\"elementor-widget-container\">\n\t\t\t\t\t\t\t\t\t\t\t\t\t<img decoding=\"async\" width=\"100\" height=\"340\" src=\"https:\/\/asta.fh-aachen.org\/wp-content\/uploads\/2024\/02\/Rectangle-5-1.jpg\" class=\"attachment-large size-large wp-image-291\" alt=\"\" srcset=\"https:\/\/asta.fh-aachen.org\/wp-content\/uploads\/2024\/02\/Rectangle-5-1.jpg 100w, https:\/\/asta.fh-aachen.org\/wp-content\/uploads\/2024\/02\/Rectangle-5-1-88x300.jpg 88w\" sizes=\"(max-width: 100px) 100vw, 100px\" \/>\t\t\t\t\t\t\t\t\t\t\t\t\t<\/div>\n\t\t\t\t<\/div>\n\t\t\t\t<section class=\"elementor-section elementor-inner-section elementor-element elementor-element-98dff7f elementor-section-height-min-height elementor-section-boxed elementor-section-height-default elementor-invisible\" data-id=\"98dff7f\" data-element_type=\"section\" data-settings=\"{&quot;background_background&quot;:&quot;classic&quot;,&quot;animation&quot;:&quot;fadeIn&quot;}\">\n\t\t\t\t\t\t<div class=\"elementor-container elementor-column-gap-default\">\n\t\t\t\t\t<div class=\"elementor-column elementor-col-100 elementor-inner-column elementor-element elementor-element-85ddad7\" data-id=\"85ddad7\" data-element_type=\"column\">\n\t\t\t<div class=\"elementor-widget-wrap\">\n\t\t\t\t\t\t\t<\/div>\n\t\t<\/div>\n\t\t\t\t\t<\/div>\n\t\t<\/section>\n\t\t\t\t\t<\/div>\n\t\t<\/div>\n\t\t\t\t\t<\/div>\n\t\t<\/section>\n\t\t\t\t<section class=\"elementor-section elementor-top-section elementor-element elementor-element-dbafe8c elementor-section-boxed elementor-section-height-default elementor-section-height-default\" data-id=\"dbafe8c\" data-element_type=\"section\">\n\t\t\t\t\t\t<div class=\"elementor-container elementor-column-gap-default\">\n\t\t\t\t\t<div class=\"elementor-column elementor-col-100 elementor-top-column elementor-element elementor-element-3d3383d9\" data-id=\"3d3383d9\" data-element_type=\"column\">\n\t\t\t<div class=\"elementor-widget-wrap elementor-element-populated\">\n\t\t\t\t\t\t<div class=\"elementor-element elementor-element-19eea35 elementor-widget elementor-widget-heading\" data-id=\"19eea35\" data-element_type=\"widget\" data-widget_type=\"heading.default\">\n\t\t\t\t<div class=\"elementor-widget-container\">\n\t\t\t<style>\/*! elementor - v3.19.0 - 07-02-2024 *\/\n.elementor-heading-title{padding:0;margin:0;line-height:1}.elementor-widget-heading .elementor-heading-title[class*=elementor-size-]>a{color:inherit;font-size:inherit;line-height:inherit}.elementor-widget-heading .elementor-heading-title.elementor-size-small{font-size:15px}.elementor-widget-heading .elementor-heading-title.elementor-size-medium{font-size:19px}.elementor-widget-heading .elementor-heading-title.elementor-size-large{font-size:29px}.elementor-widget-heading .elementor-heading-title.elementor-size-xl{font-size:39px}.elementor-widget-heading .elementor-heading-title.elementor-size-xxl{font-size:59px}<\/style><h2 class=\"elementor-heading-title elementor-size-default\">Vorstand<\/h2>\t\t<\/div>\n\t\t\t\t<\/div>\n\t\t\t\t<div class=\"elementor-element elementor-element-43fcc67 elementor-widget elementor-widget-text-editor\" data-id=\"43fcc67\" data-element_type=\"widget\" data-widget_type=\"text-editor.default\">\n\t\t\t\t<div class=\"elementor-widget-container\">\n\t\t\t\t\t\t\t<p>The AStA is represented by the Executive Board. It coordinates the work between the departments and serves as a spokesperson for students, the university, and the public. The Executive Board consists of two to four members: the chairperson of the AStA, one or two deputy chairs, and the finance officer. It is the employer and therefore has authority over the approximately 30 AStA members. This entails complex personnel management. However, it is even more important to always have an open ear for any issues arising among all AStA members. The Executive Board concludes contracts on behalf of the student body or negotiates the best possible options for students, such as the semester ticket or legal advice. Representation within the university includes not only representing the AStA in the Student Parliament and the Senate but also representing students to the rectorate and other members of the administration.<\/p><p>The IT department is subordinate to the executive board and manages the IT infrastructure of the AStA, oversees the AStA websites, and ensures data protection.<\/p>\t\t\t\t\t\t<\/div>\n\t\t\t\t<\/div>\n\t\t\t\t<div class=\"elementor-element elementor-element-ff54b58 elementor-widget elementor-widget-heading\" data-id=\"ff54b58\" data-element_type=\"widget\" data-widget_type=\"heading.default\">\n\t\t\t\t<div class=\"elementor-widget-container\">\n\t\t\t<h2 class=\"elementor-heading-title elementor-size-default\">Staff Members<\/h2>\t\t<\/div>\n\t\t\t\t<\/div>\n\t\t\t\t<div class=\"elementor-element elementor-element-ccffdd6 elementor-widget elementor-widget-text-editor\" data-id=\"ccffdd6\" data-element_type=\"widget\" data-widget_type=\"text-editor.default\">\n\t\t\t\t<div class=\"elementor-widget-container\">\n\t\t\t\t\t\t\t<p>Fabien Seger - Chairman<br \/>Louisa Hempen - Vice-Chairwoman<br \/>Ophelia Barth \u2013 Finanzreferentin<\/p><p>Gabriel Wirtz - Project Manager<br \/>Mertcan Sarioglu - Project Manager<\/p>\t\t\t\t\t\t<\/div>\n\t\t\t\t<\/div>\n\t\t\t\t<div class=\"elementor-element elementor-element-bad1dd1 elementor-widget elementor-widget-heading\" data-id=\"bad1dd1\" data-element_type=\"widget\" data-widget_type=\"heading.default\">\n\t\t\t\t<div class=\"elementor-widget-container\">\n\t\t\t<h3 class=\"elementor-heading-title elementor-size-default\">IT<\/h3>\t\t<\/div>\n\t\t\t\t<\/div>\n\t\t\t\t<div class=\"elementor-element elementor-element-bb16384 elementor-widget elementor-widget-text-editor\" data-id=\"bb16384\" data-element_type=\"widget\" data-widget_type=\"text-editor.default\">\n\t\t\t\t<div class=\"elementor-widget-container\">\n\t\t\t\t\t\t\t<p>Yannis Gecer<br \/><br \/><\/p>\t\t\t\t\t\t<\/div>\n\t\t\t\t<\/div>\n\t\t\t\t<div class=\"elementor-element elementor-element-e7e9368 elementor-widget elementor-widget-heading\" data-id=\"e7e9368\" data-element_type=\"widget\" data-widget_type=\"heading.default\">\n\t\t\t\t<div class=\"elementor-widget-container\">\n\t\t\t<h2 class=\"elementor-heading-title elementor-size-default\">Contact<\/h2>\t\t<\/div>\n\t\t\t\t<\/div>\n\t\t\t\t<div class=\"elementor-element elementor-element-1ecc423 elementor-widget elementor-widget-text-editor\" data-id=\"1ecc423\" data-element_type=\"widget\" data-widget_type=\"text-editor.default\">\n\t\t\t\t<div class=\"elementor-widget-container\">\n\t\t\t\t\t\t\t<p><a href=\"tel: 49241600952805\">0241 6009 52805<\/a><br \/><a href=\"mailto:vorstand@asta.fh-aachen.org\">vorstand@asta.fh-aachen.org<\/a><\/p>\t\t\t\t\t\t<\/div>\n\t\t\t\t<\/div>\n\t\t\t\t\t<\/div>\n\t\t<\/div>\n\t\t\t\t\t<\/div>\n\t\t<\/section>\n\t\t\t\t<\/div>","protected":false},"excerpt":{"rendered":"<p>Wir wollen euch regelm\u00e4\u00dfig \u00fcber aktuelle und wichtige Themen rund um die eigene und auch andere Hochschulen informieren. Mit der PRINTE seid Ihr auf dem neuen Stand und erfahrt unter anderem Aspekte, die Euer Studium konkret beeinflussen. Jetzt lesen Vorstand Der AStA wird durch den Vorstand vertreten. Er koordiniert die Arbeit zwischen den Referaten und [&hellip;]<\/p>","protected":false},"author":1,"featured_media":0,"parent":0,"menu_order":0,"comment_status":"closed","ping_status":"closed","template":"","meta":{"footnotes":""},"class_list":["post-1272","page","type-page","status-publish","hentry"],"yoast_head":"<!-- This site is optimized with the Yoast SEO plugin v22.3 - https:\/\/yoast.com\/wordpress\/plugins\/seo\/ -->\n<title>Vorstand - AStA FH Aachen<\/title>\n<meta name=\"robots\" content=\"index, follow, max-snippet:-1, max-image-preview:large, max-video-preview:-1\" \/>\n<link rel=\"canonical\" href=\"https:\/\/asta.fh-aachen.org\/en\/vorstand\/\" \/>\n<meta property=\"og:locale\" content=\"en_US\" \/>\n<meta property=\"og:type\" content=\"article\" \/>\n<meta property=\"og:title\" content=\"Vorstand - AStA FH Aachen\" \/>\n<meta property=\"og:description\" content=\"Wir wollen euch regelm\u00e4\u00dfig \u00fcber aktuelle und wichtige Themen rund um die eigene und auch andere Hochschulen informieren. Mit der PRINTE seid Ihr auf dem neuen Stand und erfahrt unter anderem Aspekte, die Euer Studium konkret beeinflussen. Jetzt lesen Vorstand Der AStA wird durch den Vorstand vertreten. Er koordiniert die Arbeit zwischen den Referaten und [&hellip;]\" \/>\n<meta property=\"og:url\" content=\"https:\/\/asta.fh-aachen.org\/en\/vorstand\/\" \/>\n<meta property=\"og:site_name\" content=\"AStA FH Aachen\" \/>\n<meta property=\"article:modified_time\" content=\"2026-04-28T17:44:06+00:00\" \/>\n<meta property=\"og:image\" content=\"https:\/\/asta.fh-aachen.org\/wp-content\/uploads\/2024\/03\/diePrintelogoweiss_1.webp\" \/>\n<meta name=\"twitter:card\" content=\"summary_large_image\" \/>\n<meta name=\"twitter:label1\" content=\"Est. reading time\" \/>\n\t<meta name=\"twitter:data1\" content=\"2 minutes\" \/>\n<script type=\"application\/ld+json\" class=\"yoast-schema-graph\">{\"@context\":\"https:\/\/schema.org\",\"@graph\":[{\"@type\":\"WebPage\",\"@id\":\"https:\/\/asta.fh-aachen.org\/vorstand\/\",\"url\":\"https:\/\/asta.fh-aachen.org\/vorstand\/\",\"name\":\"Vorstand - AStA FH Aachen\",\"isPartOf\":{\"@id\":\"https:\/\/asta.fh-aachen.org\/#website\"},\"primaryImageOfPage\":{\"@id\":\"https:\/\/asta.fh-aachen.org\/vorstand\/#primaryimage\"},\"image\":{\"@id\":\"https:\/\/asta.fh-aachen.org\/vorstand\/#primaryimage\"},\"thumbnailUrl\":\"https:\/\/asta.fh-aachen.org\/wp-content\/uploads\/2024\/03\/diePrintelogoweiss_1.webp\",\"datePublished\":\"2024-04-24T00:00:05+00:00\",\"dateModified\":\"2026-04-28T17:44:06+00:00\",\"breadcrumb\":{\"@id\":\"https:\/\/asta.fh-aachen.org\/vorstand\/#breadcrumb\"},\"inLanguage\":\"en-US\",\"potentialAction\":[{\"@type\":\"ReadAction\",\"target\":[\"https:\/\/asta.fh-aachen.org\/vorstand\/\"]}]},{\"@type\":\"ImageObject\",\"inLanguage\":\"en-US\",\"@id\":\"https:\/\/asta.fh-aachen.org\/vorstand\/#primaryimage\",\"url\":\"https:\/\/asta.fh-aachen.org\/wp-content\/uploads\/2024\/03\/diePrintelogoweiss_1.webp\",\"contentUrl\":\"https:\/\/asta.fh-aachen.org\/wp-content\/uploads\/2024\/03\/diePrintelogoweiss_1.webp\",\"width\":15148,\"height\":7352},{\"@type\":\"BreadcrumbList\",\"@id\":\"https:\/\/asta.fh-aachen.org\/vorstand\/#breadcrumb\",\"itemListElement\":[{\"@type\":\"ListItem\",\"position\":1,\"name\":\"Home\",\"item\":\"https:\/\/asta.fh-aachen.org\/\"},{\"@type\":\"ListItem\",\"position\":2,\"name\":\"Vorstand\"}]},{\"@type\":\"WebSite\",\"@id\":\"https:\/\/asta.fh-aachen.org\/#website\",\"url\":\"https:\/\/asta.fh-aachen.org\/\",\"name\":\"AStA FH Aachen\",\"description\":\"\",\"potentialAction\":[{\"@type\":\"SearchAction\",\"target\":{\"@type\":\"EntryPoint\",\"urlTemplate\":\"https:\/\/asta.fh-aachen.org\/?s={search_term_string}\"},\"query-input\":\"required name=search_term_string\"}],\"inLanguage\":\"en-US\"}]}<\/script>\n<!-- \/ Yoast SEO plugin. -->","yoast_head_json":{"title":"Vorstand - AStA FH Aachen","robots":{"index":"index","follow":"follow","max-snippet":"max-snippet:-1","max-image-preview":"max-image-preview:large","max-video-preview":"max-video-preview:-1"},"canonical":"https:\/\/asta.fh-aachen.org\/en\/vorstand\/","og_locale":"en_US","og_type":"article","og_title":"Vorstand - AStA FH Aachen","og_description":"Wir wollen euch regelm\u00e4\u00dfig \u00fcber aktuelle und wichtige Themen rund um die eigene und auch andere Hochschulen informieren. Mit der PRINTE seid Ihr auf dem neuen Stand und erfahrt unter anderem Aspekte, die Euer Studium konkret beeinflussen. Jetzt lesen Vorstand Der AStA wird durch den Vorstand vertreten. Er koordiniert die Arbeit zwischen den Referaten und [&hellip;]","og_url":"https:\/\/asta.fh-aachen.org\/en\/vorstand\/","og_site_name":"AStA FH Aachen","article_modified_time":"2026-04-28T17:44:06+00:00","og_image":[{"url":"https:\/\/asta.fh-aachen.org\/wp-content\/uploads\/2024\/03\/diePrintelogoweiss_1.webp"}],"twitter_card":"summary_large_image","twitter_misc":{"Est. reading time":"2 minutes"},"schema":{"@context":"https:\/\/schema.org","@graph":[{"@type":"WebPage","@id":"https:\/\/asta.fh-aachen.org\/vorstand\/","url":"https:\/\/asta.fh-aachen.org\/vorstand\/","name":"Vorstand - AStA FH Aachen","isPartOf":{"@id":"https:\/\/asta.fh-aachen.org\/#website"},"primaryImageOfPage":{"@id":"https:\/\/asta.fh-aachen.org\/vorstand\/#primaryimage"},"image":{"@id":"https:\/\/asta.fh-aachen.org\/vorstand\/#primaryimage"},"thumbnailUrl":"https:\/\/asta.fh-aachen.org\/wp-content\/uploads\/2024\/03\/diePrintelogoweiss_1.webp","datePublished":"2024-04-24T00:00:05+00:00","dateModified":"2026-04-28T17:44:06+00:00","breadcrumb":{"@id":"https:\/\/asta.fh-aachen.org\/vorstand\/#breadcrumb"},"inLanguage":"en-US","potentialAction":[{"@type":"ReadAction","target":["https:\/\/asta.fh-aachen.org\/vorstand\/"]}]},{"@type":"ImageObject","inLanguage":"en-US","@id":"https:\/\/asta.fh-aachen.org\/vorstand\/#primaryimage","url":"https:\/\/asta.fh-aachen.org\/wp-content\/uploads\/2024\/03\/diePrintelogoweiss_1.webp","contentUrl":"https:\/\/asta.fh-aachen.org\/wp-content\/uploads\/2024\/03\/diePrintelogoweiss_1.webp","width":15148,"height":7352},{"@type":"BreadcrumbList","@id":"https:\/\/asta.fh-aachen.org\/vorstand\/#breadcrumb","itemListElement":[{"@type":"ListItem","position":1,"name":"Home","item":"https:\/\/asta.fh-aachen.org\/"},{"@type":"ListItem","position":2,"name":"Vorstand"}]},{"@type":"WebSite","@id":"https:\/\/asta.fh-aachen.org\/#website","url":"https:\/\/asta.fh-aachen.org\/","name":"AStA FH Aachen","description":"","potentialAction":[{"@type":"SearchAction","target":{"@type":"EntryPoint","urlTemplate":"https:\/\/asta.fh-aachen.org\/?s={search_term_string}"},"query-input":"required name=search_term_string"}],"inLanguage":"en-US"}]}},"_links":{"self":[{"href":"https:\/\/asta.fh-aachen.org\/en\/wp-json\/wp\/v2\/pages\/1272","targetHints":{"allow":["GET"]}}],"collection":[{"href":"https:\/\/asta.fh-aachen.org\/en\/wp-json\/wp\/v2\/pages"}],"about":[{"href":"https:\/\/asta.fh-aachen.org\/en\/wp-json\/wp\/v2\/types\/page"}],"author":[{"embeddable":true,"href":"https:\/\/asta.fh-aachen.org\/en\/wp-json\/wp\/v2\/users\/1"}],"replies":[{"embeddable":true,"href":"https:\/\/asta.fh-aachen.org\/en\/wp-json\/wp\/v2\/comments?post=1272"}],"version-history":[{"count":59,"href":"https:\/\/asta.fh-aachen.org\/en\/wp-json\/wp\/v2\/pages\/1272\/revisions"}],"predecessor-version":[{"id":4618,"href":"https:\/\/asta.fh-aachen.org\/en\/wp-json\/wp\/v2\/pages\/1272\/revisions\/4618"}],"wp:attachment":[{"href":"https:\/\/asta.fh-aachen.org\/en\/wp-json\/wp\/v2\/media?parent=1272"}],"curies":[{"name":"wp","href":"https:\/\/api.w.org\/{rel}","templated":true}]}}